{"id":1015,"date":"2025-03-10T15:16:14","date_gmt":"2025-03-10T14:16:14","guid":{"rendered":"https:\/\/www.lessurvivants.org\/soignant\/?page_id=1015"},"modified":"2025-10-29T15:21:29","modified_gmt":"2025-10-29T14:21:29","slug":"trouver-le-juste-role","status":"publish","type":"page","link":"https:\/\/www.lessurvivants.org\/soignant\/trouver-le-juste-role\/","title":{"rendered":"Trouver le juste r\u00f4le"},"content":{"rendered":"\t\t<div data-elementor-type=\"wp-page\" data-elementor-id=\"1015\" class=\"elementor elementor-1015\" data-elementor-post-type=\"page\">\n\t\t\t\t<div data-particle_enable=\"false\" data-particle-mobile-disabled=\"false\" class=\"elementor-element elementor-element-0333c17 e-flex e-con-boxed e-con e-parent\" data-id=\"0333c17\" data-element_type=\"container\" data-settings=\"{&quot;jet_parallax_layout_list&quot;:[]}\">\n\t\t\t\t\t<div class=\"e-con-inner\">\n\t\t\t\t<div class=\"elementor-element elementor-element-1d79111 elementor-widget elementor-widget-heading\" data-id=\"1d79111\" data-element_type=\"widget\" data-widget_type=\"heading.default\">\n\t\t\t\t<div class=\"elementor-widget-container\">\n\t\t\t\t\t<h1 class=\"elementor-heading-title elementor-size-default\">Trouver le juste r\u00f4le du soignant face \u00e0 la mort<\/h1>\t\t\t\t<\/div>\n\t\t\t\t<\/div>\n\t\t\t\t\t<\/div>\n\t\t\t\t<\/div>\n\t\t<div data-particle_enable=\"false\" data-particle-mobile-disabled=\"false\" class=\"elementor-element elementor-element-a1ac281 e-flex e-con-boxed e-con e-parent\" data-id=\"a1ac281\" data-element_type=\"container\" data-settings=\"{&quot;jet_parallax_layout_list&quot;:[]}\">\n\t\t\t\t\t<div class=\"e-con-inner\">\n\t\t\t\t<div class=\"elementor-element elementor-element-17ccaa8 elementor-widget elementor-widget-text-editor\" data-id=\"17ccaa8\" data-element_type=\"widget\" data-widget_type=\"text-editor.default\">\n\t\t\t\t<div class=\"elementor-widget-container\">\n\t\t\t\t\t\t\t\t\t<p data-start=\"4658\" data-end=\"4896\">Entre l\u2019urgence d\u2019agir et la n\u00e9cessit\u00e9 d\u2019accueillir la fin, le <strong data-start=\"4726\" data-end=\"4761\">r\u00f4le du soignant face \u00e0 la mort<\/strong> se construit dans la tension. Trouver ce juste r\u00f4le, c\u2019est conjuguer comp\u00e9tence technique, discernement \u00e9thique et pr\u00e9sence humaine.<\/p>\t\t\t\t\t\t\t\t<\/div>\n\t\t\t\t<\/div>\n\t\t\t\t\t<\/div>\n\t\t\t\t<\/div>\n\t\t<div data-particle_enable=\"false\" data-particle-mobile-disabled=\"false\" class=\"elementor-element elementor-element-a8021a3 e-flex e-con-boxed e-con e-parent\" data-id=\"a8021a3\" data-element_type=\"container\" data-settings=\"{&quot;jet_parallax_layout_list&quot;:[]}\">\n\t\t\t\t\t<div class=\"e-con-inner\">\n\t\t\t\t<div class=\"elementor-element elementor-element-f27ba29 elementor-widget elementor-widget-heading\" data-id=\"f27ba29\" data-element_type=\"widget\" data-widget_type=\"heading.default\">\n\t\t\t\t<div class=\"elementor-widget-container\">\n\t\t\t\t\t<h2 class=\"elementor-heading-title elementor-size-default\">Le soignant entre action et pr\u00e9sence<\/h2>\t\t\t\t<\/div>\n\t\t\t\t<\/div>\n\t\t\t\t<div class=\"elementor-element elementor-element-453982f elementor-widget elementor-widget-text-editor\" data-id=\"453982f\" data-element_type=\"widget\" data-widget_type=\"text-editor.default\">\n\t\t\t\t<div class=\"elementor-widget-container\">\n\t\t\t\t\t\t\t\t\t<p>Le <strong data-start=\"4954\" data-end=\"4966\">soignant<\/strong> est form\u00e9 \u00e0 agir, \u00e0 sauver, \u00e0 r\u00e9agir. Mais face \u00e0 la mort, il apprend parfois \u00e0 se taire, \u00e0 accompagner plut\u00f4t qu\u2019\u00e0 intervenir.<br data-start=\"5094\" data-end=\"5097\" \/>Le <strong data-start=\"5100\" data-end=\"5114\">juste r\u00f4le<\/strong> du soignant na\u00eet de cet \u00e9quilibre : accepter de \u201cne plus faire\u201d pour \u201c\u00eatre\u201d.<br data-start=\"5191\" data-end=\"5194\" \/>Cette posture, fond\u00e9e sur l\u2019\u00e9coute et la bienveillance, demande du courage et une formation \u00e9thique solide.<\/p>\t\t\t\t\t\t\t\t<\/div>\n\t\t\t\t<\/div>\n\t\t\t\t\t<\/div>\n\t\t\t\t<\/div>\n\t\t<div data-particle_enable=\"false\" data-particle-mobile-disabled=\"false\" class=\"elementor-element elementor-element-257b676 e-flex e-con-boxed e-con e-parent\" data-id=\"257b676\" data-element_type=\"container\" data-settings=\"{&quot;jet_parallax_layout_list&quot;:[]}\">\n\t\t\t\t\t<div class=\"e-con-inner\">\n\t\t\t\t<div class=\"elementor-element elementor-element-cf3e6cb elementor-widget elementor-widget-heading\" data-id=\"cf3e6cb\" data-element_type=\"widget\" data-widget_type=\"heading.default\">\n\t\t\t\t<div class=\"elementor-widget-container\">\n\t\t\t\t\t<h2 class=\"elementor-heading-title elementor-size-default\">L\u2019h\u00f4pital face \u00e0 la mort : ce que r\u00e9v\u00e8le le rapport IGAS<\/h2>\t\t\t\t<\/div>\n\t\t\t\t<\/div>\n\t\t\t\t<div class=\"elementor-element elementor-element-1b05abe elementor-widget elementor-widget-text-editor\" data-id=\"1b05abe\" data-element_type=\"widget\" data-widget_type=\"text-editor.default\">\n\t\t\t\t<div class=\"elementor-widget-container\">\n\t\t\t\t\t\t\t\t\t<p>Le rapport de l\u2019IGAS (<em data-start=\"5400\" data-end=\"5421\">La mort \u00e0 l\u2019h\u00f4pital<\/em>, 2009) montre que la mort est souvent absente de la culture hospitali\u00e8re.<br data-start=\"5495\" data-end=\"5498\" \/>Plus d\u2019un Fran\u00e7ais sur deux meurt \u00e0 l\u2019h\u00f4pital, souvent dans des lieux inadapt\u00e9s.<br data-start=\"5578\" data-end=\"5581\" \/>Les auteurs plaident pour une <strong data-start=\"5611\" data-end=\"5640\">humanisation de l\u2019h\u00f4pital<\/strong>, une reconnaissance du r\u00f4le des \u00e9quipes soignantes et une meilleure prise en charge de la fin de vie.<\/p>\t\t\t\t\t\t\t\t<\/div>\n\t\t\t\t<\/div>\n\t\t\t\t<div class=\"elementor-element elementor-element-1e46b16 elementor-align-center elementor-widget elementor-widget-button\" data-id=\"1e46b16\" data-element_type=\"widget\" data-widget_type=\"button.default\">\n\t\t\t\t<div class=\"elementor-widget-container\">\n\t\t\t\t\t\t\t\t\t<div class=\"elementor-button-wrapper\">\n\t\t\t\t\t<a class=\"elementor-button elementor-button-link elementor-size-sm\" href=\"https:\/\/www.lessurvivants.org\/soignant\/wp-content\/uploads\/sites\/2\/2025\/10\/rapport_sante_des_professionnels_de_sante_.pdf\" target=\"_blank\">\n\t\t\t\t\t\t<span class=\"elementor-button-content-wrapper\">\n\t\t\t\t\t\t\t\t\t<span class=\"elementor-button-text\">Consultez le rapport sur la sant\u00e9 des professionnels de sant\u00e9<\/span>\n\t\t\t\t\t<\/span>\n\t\t\t\t\t<\/a>\n\t\t\t\t<\/div>\n\t\t\t\t\t\t\t\t<\/div>\n\t\t\t\t<\/div>\n\t\t\t\t\t<\/div>\n\t\t\t\t<\/div>\n\t\t<div data-particle_enable=\"false\" data-particle-mobile-disabled=\"false\" class=\"elementor-element elementor-element-d495ba9 e-flex e-con-boxed e-con e-parent\" data-id=\"d495ba9\" data-element_type=\"container\" data-settings=\"{&quot;jet_parallax_layout_list&quot;:[]}\">\n\t\t\t\t\t<div class=\"e-con-inner\">\n\t\t\t\t<div class=\"elementor-element elementor-element-d24befd elementor-widget elementor-widget-heading\" data-id=\"d24befd\" data-element_type=\"widget\" data-widget_type=\"heading.default\">\n\t\t\t\t<div class=\"elementor-widget-container\">\n\t\t\t\t\t<h2 class=\"elementor-heading-title elementor-size-default\">Le discernement \u00e9thique : la boussole du soignant<\/h2>\t\t\t\t<\/div>\n\t\t\t\t<\/div>\n\t\t\t\t<div class=\"elementor-element elementor-element-ee4a87e elementor-widget elementor-widget-text-editor\" data-id=\"ee4a87e\" data-element_type=\"widget\" data-widget_type=\"text-editor.default\">\n\t\t\t\t<div class=\"elementor-widget-container\">\n\t\t\t\t\t\t\t\t\t<p>Le <strong data-start=\"5881\" data-end=\"5916\">r\u00f4le du soignant face \u00e0 la mort<\/strong> ne peut \u00eatre fig\u00e9 : il s\u2019adapte \u00e0 chaque situation.<br data-start=\"5968\" data-end=\"5971\" \/>La loi L\u00e9onetti-Claeys (2016) interdit l\u2019obstination d\u00e9raisonnable et valorise la d\u00e9cision coll\u00e9giale.<br data-start=\"6073\" data-end=\"6076\" \/>Mais la loi ne remplace pas le <strong data-start=\"6107\" data-end=\"6131\">discernement \u00e9thique<\/strong>, cette r\u00e9flexion int\u00e9rieure propre \u00e0 chaque soignant<\/p><p>\u00a0<\/p><p data-start=\"6211\" data-end=\"6380\">Trouver le juste r\u00f4le, c\u2019est accepter la complexit\u00e9 du soin.<br data-start=\"6271\" data-end=\"6274\" \/>C\u2019est refuser le tout-puissant comme le d\u00e9sengagement, pour habiter l\u2019entre-deux : celui de la pr\u00e9sence.<\/p>\t\t\t\t\t\t\t\t<\/div>\n\t\t\t\t<\/div>\n\t\t\t\t\t<\/div>\n\t\t\t\t<\/div>\n\t\t\t\t<\/div>\n\t\t","protected":false},"excerpt":{"rendered":"<p>Trouver le juste r\u00f4le du soignant face \u00e0 la mort Entre l\u2019urgence d\u2019agir et la n\u00e9cessit\u00e9 d\u2019accueillir la fin, le r\u00f4le du soignant face \u00e0 la mort se construit dans la tension. Trouver ce juste r\u00f4le, c\u2019est conjuguer comp\u00e9tence technique, discernement \u00e9thique et pr\u00e9sence humaine. Le soignant entre action et pr\u00e9sence Le soignant est form\u00e9 [&hellip;]<\/p>\n","protected":false},"author":1,"featured_media":0,"parent":0,"menu_order":0,"comment_status":"closed","ping_status":"closed","template":"","meta":{"footnotes":""},"categories":[7],"tags":[],"class_list":["post-1015","page","type-page","status-publish","hentry","category-espace-soignant"],"yoast_head":"<!-- This site is optimized with the Yoast SEO Premium plugin v25.5 (Yoast SEO v25.5) - https:\/\/yoast.com\/wordpress\/plugins\/seo\/ -->\n<title>Trouver le juste r\u00f4le du soignant face \u00e0 la mort<\/title>\n<meta name=\"description\" content=\"R\u00e9fl\u00e9chir au r\u00f4le du soignant face \u00e0 la mort : agir et accompagner, technique et pr\u00e9sence humaine, dans une approche \u00e9thique et juste.\" \/>\n<meta name=\"robots\" content=\"index, follow, max-snippet:-1, max-image-preview:large, max-video-preview:-1\" \/>\n<link rel=\"canonical\" href=\"https:\/\/www.lessurvivants.org\/soignant\/trouver-le-juste-role\/\" \/>\n<meta property=\"og:locale\" content=\"fr_FR\" \/>\n<meta property=\"og:type\" content=\"article\" \/>\n<meta property=\"og:title\" content=\"Trouver le juste r\u00f4le\" \/>\n<meta property=\"og:description\" content=\"R\u00e9fl\u00e9chir au r\u00f4le du soignant face \u00e0 la mort : agir et accompagner, technique et pr\u00e9sence humaine, dans une approche \u00e9thique et juste.\" \/>\n<meta property=\"og:url\" content=\"https:\/\/www.lessurvivants.org\/soignant\/trouver-le-juste-role\/\" \/>\n<meta property=\"og:site_name\" content=\"Espace soignant\" \/>\n<meta property=\"article:modified_time\" content=\"2025-10-29T14:21:29+00:00\" \/>\n<meta name=\"twitter:card\" content=\"summary_large_image\" \/>\n<meta name=\"twitter:label1\" content=\"Dur\u00e9e de lecture estim\u00e9e\" \/>\n\t<meta name=\"twitter:data1\" content=\"2 minutes\" \/>\n<script type=\"application\/ld+json\" class=\"yoast-schema-graph\">{\"@context\":\"https:\/\/schema.org\",\"@graph\":[{\"@type\":\"WebPage\",\"@id\":\"https:\/\/www.lessurvivants.org\/soignant\/trouver-le-juste-role\/\",\"url\":\"https:\/\/www.lessurvivants.org\/soignant\/trouver-le-juste-role\/\",\"name\":\"Trouver le juste r\u00f4le du soignant face \u00e0 la mort\",\"isPartOf\":{\"@id\":\"https:\/\/www.lessurvivants.org\/soignant\/#website\"},\"datePublished\":\"2025-03-10T14:16:14+00:00\",\"dateModified\":\"2025-10-29T14:21:29+00:00\",\"description\":\"R\u00e9fl\u00e9chir au r\u00f4le du soignant face \u00e0 la mort : agir et accompagner, technique et pr\u00e9sence humaine, dans une approche \u00e9thique et juste.\",\"breadcrumb\":{\"@id\":\"https:\/\/www.lessurvivants.org\/soignant\/trouver-le-juste-role\/#breadcrumb\"},\"inLanguage\":\"fr-FR\",\"potentialAction\":[{\"@type\":\"ReadAction\",\"target\":[\"https:\/\/www.lessurvivants.org\/soignant\/trouver-le-juste-role\/\"]}]},{\"@type\":\"BreadcrumbList\",\"@id\":\"https:\/\/www.lessurvivants.org\/soignant\/trouver-le-juste-role\/#breadcrumb\",\"itemListElement\":[{\"@type\":\"ListItem\",\"position\":1,\"name\":\"Accueil\",\"item\":\"https:\/\/www.lessurvivants.org\/soignant\/\"},{\"@type\":\"ListItem\",\"position\":2,\"name\":\"Trouver le juste r\u00f4le\"}]},{\"@type\":\"WebSite\",\"@id\":\"https:\/\/www.lessurvivants.org\/soignant\/#website\",\"url\":\"https:\/\/www.lessurvivants.org\/soignant\/\",\"name\":\"Espace soignant\",\"description\":\"\",\"publisher\":{\"@id\":\"https:\/\/www.lessurvivants.org\/soignant\/#organization\"},\"potentialAction\":[{\"@type\":\"SearchAction\",\"target\":{\"@type\":\"EntryPoint\",\"urlTemplate\":\"https:\/\/www.lessurvivants.org\/soignant\/?s={search_term_string}\"},\"query-input\":{\"@type\":\"PropertyValueSpecification\",\"valueRequired\":true,\"valueName\":\"search_term_string\"}}],\"inLanguage\":\"fr-FR\"},{\"@type\":\"Organization\",\"@id\":\"https:\/\/www.lessurvivants.org\/soignant\/#organization\",\"name\":\"Espace soignant\",\"url\":\"https:\/\/www.lessurvivants.org\/soignant\/\",\"logo\":{\"@type\":\"ImageObject\",\"inLanguage\":\"fr-FR\",\"@id\":\"https:\/\/www.lessurvivants.org\/soignant\/#\/schema\/logo\/image\/\",\"url\":\"https:\/\/www.lessurvivants.org\/wp-content\/uploads\/2025\/03\/logo-final-les-survivants_Plan-de-travail-1.png\",\"contentUrl\":\"https:\/\/www.lessurvivants.org\/wp-content\/uploads\/2025\/03\/logo-final-les-survivants_Plan-de-travail-1.png\",\"caption\":\"Espace soignant\"},\"image\":{\"@id\":\"https:\/\/www.lessurvivants.org\/soignant\/#\/schema\/logo\/image\/\"}}]}<\/script>\n<!-- \/ Yoast SEO Premium plugin. -->","yoast_head_json":{"title":"Trouver le juste r\u00f4le du soignant face \u00e0 la mort","description":"R\u00e9fl\u00e9chir au r\u00f4le du soignant face \u00e0 la mort : agir et accompagner, technique et pr\u00e9sence humaine, dans une approche \u00e9thique et juste.","robots":{"index":"index","follow":"follow","max-snippet":"max-snippet:-1","max-image-preview":"max-image-preview:large","max-video-preview":"max-video-preview:-1"},"canonical":"https:\/\/www.lessurvivants.org\/soignant\/trouver-le-juste-role\/","og_locale":"fr_FR","og_type":"article","og_title":"Trouver le juste r\u00f4le","og_description":"R\u00e9fl\u00e9chir au r\u00f4le du soignant face \u00e0 la mort : agir et accompagner, technique et pr\u00e9sence humaine, dans une approche \u00e9thique et juste.","og_url":"https:\/\/www.lessurvivants.org\/soignant\/trouver-le-juste-role\/","og_site_name":"Espace soignant","article_modified_time":"2025-10-29T14:21:29+00:00","twitter_card":"summary_large_image","twitter_misc":{"Dur\u00e9e de lecture estim\u00e9e":"2 minutes"},"schema":{"@context":"https:\/\/schema.org","@graph":[{"@type":"WebPage","@id":"https:\/\/www.lessurvivants.org\/soignant\/trouver-le-juste-role\/","url":"https:\/\/www.lessurvivants.org\/soignant\/trouver-le-juste-role\/","name":"Trouver le juste r\u00f4le du soignant face \u00e0 la mort","isPartOf":{"@id":"https:\/\/www.lessurvivants.org\/soignant\/#website"},"datePublished":"2025-03-10T14:16:14+00:00","dateModified":"2025-10-29T14:21:29+00:00","description":"R\u00e9fl\u00e9chir au r\u00f4le du soignant face \u00e0 la mort : agir et accompagner, technique et pr\u00e9sence humaine, dans une approche \u00e9thique et juste.","breadcrumb":{"@id":"https:\/\/www.lessurvivants.org\/soignant\/trouver-le-juste-role\/#breadcrumb"},"inLanguage":"fr-FR","potentialAction":[{"@type":"ReadAction","target":["https:\/\/www.lessurvivants.org\/soignant\/trouver-le-juste-role\/"]}]},{"@type":"BreadcrumbList","@id":"https:\/\/www.lessurvivants.org\/soignant\/trouver-le-juste-role\/#breadcrumb","itemListElement":[{"@type":"ListItem","position":1,"name":"Accueil","item":"https:\/\/www.lessurvivants.org\/soignant\/"},{"@type":"ListItem","position":2,"name":"Trouver le juste r\u00f4le"}]},{"@type":"WebSite","@id":"https:\/\/www.lessurvivants.org\/soignant\/#website","url":"https:\/\/www.lessurvivants.org\/soignant\/","name":"Espace soignant","description":"","publisher":{"@id":"https:\/\/www.lessurvivants.org\/soignant\/#organization"},"potentialAction":[{"@type":"SearchAction","target":{"@type":"EntryPoint","urlTemplate":"https:\/\/www.lessurvivants.org\/soignant\/?s={search_term_string}"},"query-input":{"@type":"PropertyValueSpecification","valueRequired":true,"valueName":"search_term_string"}}],"inLanguage":"fr-FR"},{"@type":"Organization","@id":"https:\/\/www.lessurvivants.org\/soignant\/#organization","name":"Espace soignant","url":"https:\/\/www.lessurvivants.org\/soignant\/","logo":{"@type":"ImageObject","inLanguage":"fr-FR","@id":"https:\/\/www.lessurvivants.org\/soignant\/#\/schema\/logo\/image\/","url":"https:\/\/www.lessurvivants.org\/wp-content\/uploads\/2025\/03\/logo-final-les-survivants_Plan-de-travail-1.png","contentUrl":"https:\/\/www.lessurvivants.org\/wp-content\/uploads\/2025\/03\/logo-final-les-survivants_Plan-de-travail-1.png","caption":"Espace soignant"},"image":{"@id":"https:\/\/www.lessurvivants.org\/soignant\/#\/schema\/logo\/image\/"}}]}},"_links":{"self":[{"href":"https:\/\/www.lessurvivants.org\/soignant\/wp-json\/wp\/v2\/pages\/1015","targetHints":{"allow":["GET"]}}],"collection":[{"href":"https:\/\/www.lessurvivants.org\/soignant\/wp-json\/wp\/v2\/pages"}],"about":[{"href":"https:\/\/www.lessurvivants.org\/soignant\/wp-json\/wp\/v2\/types\/page"}],"author":[{"embeddable":true,"href":"https:\/\/www.lessurvivants.org\/soignant\/wp-json\/wp\/v2\/users\/1"}],"replies":[{"embeddable":true,"href":"https:\/\/www.lessurvivants.org\/soignant\/wp-json\/wp\/v2\/comments?post=1015"}],"version-history":[{"count":9,"href":"https:\/\/www.lessurvivants.org\/soignant\/wp-json\/wp\/v2\/pages\/1015\/revisions"}],"predecessor-version":[{"id":2154,"href":"https:\/\/www.lessurvivants.org\/soignant\/wp-json\/wp\/v2\/pages\/1015\/revisions\/2154"}],"wp:attachment":[{"href":"https:\/\/www.lessurvivants.org\/soignant\/wp-json\/wp\/v2\/media?parent=1015"}],"wp:term":[{"taxonomy":"category","embeddable":true,"href":"https:\/\/www.lessurvivants.org\/soignant\/wp-json\/wp\/v2\/categories?post=1015"},{"taxonomy":"post_tag","embeddable":true,"href":"https:\/\/www.lessurvivants.org\/soignant\/wp-json\/wp\/v2\/tags?post=1015"}],"curies":[{"name":"wp","href":"https:\/\/api.w.org\/{rel}","templated":true}]}}