{"id":986,"date":"2025-03-10T15:11:39","date_gmt":"2025-03-10T14:11:39","guid":{"rendered":"https:\/\/www.lessurvivants.org\/soignant\/?page_id=986"},"modified":"2025-07-17T10:47:21","modified_gmt":"2025-07-17T08:47:21","slug":"mort-et-anthropologie","status":"publish","type":"page","link":"https:\/\/www.lessurvivants.org\/soignant\/mort-et-anthropologie\/","title":{"rendered":"Mort et Anthropologie"},"content":{"rendered":"\t\t<div data-elementor-type=\"wp-page\" data-elementor-id=\"986\" class=\"elementor elementor-986\" data-elementor-post-type=\"page\">\n\t\t\t\t<div data-particle_enable=\"false\" data-particle-mobile-disabled=\"false\" class=\"elementor-element elementor-element-c887a91 e-flex e-con-boxed e-con e-parent\" data-id=\"c887a91\" data-element_type=\"container\" data-settings=\"{&quot;jet_parallax_layout_list&quot;:[]}\">\n\t\t\t\t\t<div class=\"e-con-inner\">\n\t\t\t\t<div class=\"elementor-element elementor-element-b5888de elementor-widget elementor-widget-heading\" data-id=\"b5888de\" data-element_type=\"widget\" data-widget_type=\"heading.default\">\n\t\t\t\t<div class=\"elementor-widget-container\">\n\t\t\t\t\t<h2 class=\"elementor-heading-title elementor-size-default\">MORT ET ANTHROPOLOGIE : comprendre la mort sous l'angle des cultures humaines<\/h2>\t\t\t\t<\/div>\n\t\t\t\t<\/div>\n\t\t\t\t<div class=\"elementor-element elementor-element-11ff571 elementor-widget elementor-widget-text-editor\" data-id=\"11ff571\" data-element_type=\"widget\" data-widget_type=\"text-editor.default\">\n\t\t\t\t<div class=\"elementor-widget-container\">\n\t\t\t\t\t\t\t\t\t<p data-pm-slice=\"1 1 []\">Dans toutes les soci\u00e9t\u00e9s humaines, la mort n\u2019est pas qu\u2019un \u00e9v\u00e9nement biologique\u202f: c\u2019est un fait social et culturel. L\u2019anthropologie, en tant que science de l\u2019humain et des cultures, permet de mieux comprendre les pratiques, les repr\u00e9sentations et les \u00e9motions li\u00e9es \u00e0 la fin de vie. Pour les soignants confront\u00e9s \u00e0 la mort au quotidien, cette perspective est pr\u00e9cieuse. Elle aide \u00e0 prendre conscience de la pluralit\u00e9 des v\u00e9cus et \u00e0 mieux adapter l\u2019accompagnement des patients et des familles dans le respect de leurs valeurs.<\/p>\t\t\t\t\t\t\t\t<\/div>\n\t\t\t\t<\/div>\n\t\t\t\t\t<\/div>\n\t\t\t\t<\/div>\n\t\t<div data-particle_enable=\"false\" data-particle-mobile-disabled=\"false\" class=\"elementor-element elementor-element-7bb8bd3 e-flex e-con-boxed e-con e-parent\" data-id=\"7bb8bd3\" data-element_type=\"container\" data-settings=\"{&quot;jet_parallax_layout_list&quot;:[]}\">\n\t\t\t\t\t<div class=\"e-con-inner\">\n\t\t\t\t<div class=\"elementor-element elementor-element-1d65ac2 elementor-widget elementor-widget-heading\" data-id=\"1d65ac2\" data-element_type=\"widget\" data-widget_type=\"heading.default\">\n\t\t\t\t<div class=\"elementor-widget-container\">\n\t\t\t\t\t<h2 class=\"elementor-heading-title elementor-size-default\">Mort et anthropologie : la mort comme fait social total<\/h2>\t\t\t\t<\/div>\n\t\t\t\t<\/div>\n\t\t\t\t<div class=\"elementor-element elementor-element-e2bb9dc elementor-widget elementor-widget-text-editor\" data-id=\"e2bb9dc\" data-element_type=\"widget\" data-widget_type=\"text-editor.default\">\n\t\t\t\t<div class=\"elementor-widget-container\">\n\t\t\t\t\t\t\t\t\t<p data-pm-slice=\"1 1 []\">L\u2019anthropologue Marcel Mauss qualifiait certains ph\u00e9nom\u00e8nes, comme la mort, de &#8220;faits sociaux totaux&#8221;\u202f: ils mobilisent l\u2019ensemble des dimensions d\u2019une soci\u00e9t\u00e9 (religieuses, juridiques, \u00e9conomiques, \u00e9motionnelles, etc.). La mort met en mouvement un r\u00e9seau d\u2019acteurs (famille, soignants, \u00c9tat, religions), d\u2019espaces (h\u00f4pital, maison, fun\u00e9rarium, cimeti\u00e8re), de rituels (veille, toilette, pri\u00e8res, obs\u00e8ques) et de r\u00e9cits (histoire de vie, spiritualit\u00e9, sens de la fin).<\/p><p>Ces pratiques donnent du sens \u00e0 la disparition, permettent aux vivants de continuer, et expriment des liens d\u2019appartenance, d\u2019amour ou de m\u00e9moire.\u00a0<\/p>\t\t\t\t\t\t\t\t<\/div>\n\t\t\t\t<\/div>\n\t\t\t\t\t<\/div>\n\t\t\t\t<\/div>\n\t\t<div data-particle_enable=\"false\" data-particle-mobile-disabled=\"false\" class=\"elementor-element elementor-element-58cc4e6 e-flex e-con-boxed e-con e-parent\" data-id=\"58cc4e6\" data-element_type=\"container\" data-settings=\"{&quot;jet_parallax_layout_list&quot;:[]}\">\n\t\t\t\t\t<div class=\"e-con-inner\">\n\t\t\t\t<div class=\"elementor-element elementor-element-a2a4b81 elementor-widget elementor-widget-heading\" data-id=\"a2a4b81\" data-element_type=\"widget\" data-widget_type=\"heading.default\">\n\t\t\t\t<div class=\"elementor-widget-container\">\n\t\t\t\t\t<h2 class=\"elementor-heading-title elementor-size-default\">Mort et anthropologie : une diversit\u00e9 culturelle et historique<\/h2>\t\t\t\t<\/div>\n\t\t\t\t<\/div>\n\t\t\t\t<div class=\"elementor-element elementor-element-77b5a11 elementor-widget elementor-widget-text-editor\" data-id=\"77b5a11\" data-element_type=\"widget\" data-widget_type=\"text-editor.default\">\n\t\t\t\t<div class=\"elementor-widget-container\">\n\t\t\t\t\t\t\t\t\t<p data-pm-slice=\"1 1 []\">La mani\u00e8re de mourir, de traiter les morts, d\u2019en parler, de les pleurer ou de les c\u00e9l\u00e9brer, varie \u00e9norm\u00e9ment selon les cultures.<\/p><ul data-spread=\"false\"><li><p>Dans certaines cultures d\u2019Afrique de l\u2019Ouest, les fun\u00e9railles sont des f\u00eates communautaires qui c\u00e9l\u00e8brent la vie du d\u00e9funt.<\/p><\/li><li><p>En Asie ou chez les peuples autochtones d\u2019Am\u00e9rique, le lien avec les anc\u00eatres est central.<\/p><\/li><li><p>En Europe, la mort a longtemps \u00e9t\u00e9 m\u00e9dicalis\u00e9e et institutionnalis\u00e9e, perdant son ancrage communautaire et rituel.<\/p><\/li><\/ul><p>Les soignants doivent faire preuve de sensibilit\u00e9 interculturelle pour reconna\u00eetre que les attentes des familles et des patients ne sont pas universelles. Certains refuseront l\u2019acharnement th\u00e9rapeutique au nom d\u2019un retour \u00e0 la terre ou \u00e0 Dieu, d\u2019autres au contraire chercheront \u00e0 prolonger la vie co\u00fbte que co\u00fbte pour respecter une forme de destin\u00e9e spirituelle.<\/p>\t\t\t\t\t\t\t\t<\/div>\n\t\t\t\t<\/div>\n\t\t\t\t\t<\/div>\n\t\t\t\t<\/div>\n\t\t<div data-particle_enable=\"false\" data-particle-mobile-disabled=\"false\" class=\"elementor-element elementor-element-368137b e-flex e-con-boxed e-con e-parent\" data-id=\"368137b\" data-element_type=\"container\" data-settings=\"{&quot;jet_parallax_layout_list&quot;:[]}\">\n\t\t\t\t\t<div class=\"e-con-inner\">\n\t\t<div data-particle_enable=\"false\" data-particle-mobile-disabled=\"false\" class=\"elementor-element elementor-element-8c065dc e-con-full e-flex e-con e-child\" data-id=\"8c065dc\" data-element_type=\"container\" data-settings=\"{&quot;jet_parallax_layout_list&quot;:[]}\">\n\t\t\t\t<div class=\"elementor-element elementor-element-f477414 elementor-widget elementor-widget-image\" data-id=\"f477414\" data-element_type=\"widget\" data-widget_type=\"image.default\">\n\t\t\t\t<div class=\"elementor-widget-container\">\n\t\t\t\t\t\t\t\t\t\t\t\t\t\t\t<img fetchpriority=\"high\" decoding=\"async\" width=\"768\" height=\"1024\" src=\"https:\/\/www.lessurvivants.org\/wp-content\/uploads\/2025\/04\/20250416_095225-compressed-768x1024.avif\" class=\"attachment-large size-large wp-image-1782 not-transparent\" alt=\"\" srcset=\"https:\/\/www.lessurvivants.org\/wp-content\/uploads\/2025\/04\/20250416_095225-compressed-768x1024.avif 768w, https:\/\/www.lessurvivants.org\/wp-content\/uploads\/2025\/04\/20250416_095225-compressed-225x300.avif 225w, https:\/\/www.lessurvivants.org\/wp-content\/uploads\/2025\/04\/20250416_095225-compressed-1152x1536.avif 1152w, https:\/\/www.lessurvivants.org\/wp-content\/uploads\/2025\/04\/20250416_095225-compressed-1536x2048.avif 1536w, https:\/\/www.lessurvivants.org\/wp-content\/uploads\/2025\/04\/20250416_095225-compressed-scaled.avif 1920w\" sizes=\"(max-width: 768px) 100vw, 768px\" data-has-transparency=\"false\" data-dominant-color=\"816874\" style=\"--dominant-color: #816874\" \/>\t\t\t\t\t\t\t\t\t\t\t\t\t\t\t<\/div>\n\t\t\t\t<\/div>\n\t\t\t\t<\/div>\n\t\t<div data-particle_enable=\"false\" data-particle-mobile-disabled=\"false\" class=\"elementor-element elementor-element-981a20d e-con-full e-flex e-con e-child\" data-id=\"981a20d\" data-element_type=\"container\" data-settings=\"{&quot;jet_parallax_layout_list&quot;:[]}\">\n\t\t\t\t<div class=\"elementor-element elementor-element-5dd02db elementor-widget elementor-widget-heading\" data-id=\"5dd02db\" data-element_type=\"widget\" data-widget_type=\"heading.default\">\n\t\t\t\t<div class=\"elementor-widget-container\">\n\t\t\t\t\t<h2 class=\"elementor-heading-title elementor-size-default\">Mort et anthropologie : la fonction des rituels<\/h2>\t\t\t\t<\/div>\n\t\t\t\t<\/div>\n\t\t\t\t<div class=\"elementor-element elementor-element-569326f elementor-widget elementor-widget-text-editor\" data-id=\"569326f\" data-element_type=\"widget\" data-widget_type=\"text-editor.default\">\n\t\t\t\t<div class=\"elementor-widget-container\">\n\t\t\t\t\t\t\t\t\t<p data-pm-slice=\"1 1 []\">Les rituels ne sont pas de simples traditions\u202f: ils ont une fonction psychologique, sociale et symbolique. Ils marquent la s\u00e9paration entre les vivants et les morts, facilitent le deuil, structurent le chaos \u00e9motionnel et donnent un cadre \u00e0 l\u2019indicible.<\/p><p>L\u2019h\u00f4pital peut para\u00eetre comme un espace &#8220;hors rituel&#8221; ou &#8220;rituellement pauvre&#8221;, ce qui accentue parfois la souffrance des familles. En tant que soignant, reconna\u00eetre l\u2019importance des gestes symboliques (laisser du temps, permettre un dernier contact, allumer une bougie, appeler l\u2019aum\u00f4nier ou une autorit\u00e9 religieuse) peut contribuer \u00e0 restaurer du sens, m\u00eame en milieu m\u00e9dicalis\u00e9.<\/p>\t\t\t\t\t\t\t\t<\/div>\n\t\t\t\t<\/div>\n\t\t\t\t<\/div>\n\t\t\t\t\t<\/div>\n\t\t\t\t<\/div>\n\t\t<div data-particle_enable=\"false\" data-particle-mobile-disabled=\"false\" class=\"elementor-element elementor-element-266175a e-flex e-con-boxed e-con e-parent\" data-id=\"266175a\" data-element_type=\"container\" data-settings=\"{&quot;jet_parallax_layout_list&quot;:[]}\">\n\t\t\t\t\t<div class=\"e-con-inner\">\n\t\t\t\t<div class=\"elementor-element elementor-element-6ad6883 elementor-widget elementor-widget-heading\" data-id=\"6ad6883\" data-element_type=\"widget\" data-widget_type=\"heading.default\">\n\t\t\t\t<div class=\"elementor-widget-container\">\n\t\t\t\t\t<h2 class=\"elementor-heading-title elementor-size-default\">Mort et anthropologie : quelle place pour les soignants ?\n\n<\/h2>\t\t\t\t<\/div>\n\t\t\t\t<\/div>\n\t\t\t\t<div class=\"elementor-element elementor-element-f055152 elementor-widget elementor-widget-text-editor\" data-id=\"f055152\" data-element_type=\"widget\" data-widget_type=\"text-editor.default\">\n\t\t\t\t<div class=\"elementor-widget-container\">\n\t\t\t\t\t\t\t\t\t<p data-pm-slice=\"1 1 []\">Les soignants ne sont pas ext\u00e9rieurs \u00e0 ces dynamiques. Ils prennent part, consciemment ou non, aux rites du mourir. Leur posture, leurs mots, leur silence ou leur maladresse peuvent renforcer ou heurter le v\u00e9cu de la famille.<\/p><p>L\u2019anthropologie invite \u00e0 une forme d\u2019humilit\u00e9 professionnelle : reconna\u00eetre que nous faisons partie d\u2019une histoire culturelle de la mort, avec nos propres tabous, limites et inconforts. Elle offre aussi des outils pour comprendre, \u00e9couter, et parfois improviser avec dignit\u00e9 dans des situations complexes.<\/p><p>\u00a0<\/p><p data-pm-slice=\"1 1 []\">La mort n\u2019est jamais uniquement biologique\u202f: elle est toujours sociale, culturelle, relationnelle. En s\u2019ouvrant \u00e0 l\u2019anthropologie, les soignants peuvent affiner leur regard, adapter leur posture, et construire des soins de fin de vie plus respectueux et plus humains. Il ne s\u2019agit pas de tout comprendre, mais de rester ouvert \u00e0 l\u2019autre, dans sa singularit\u00e9 et dans son histoire.<\/p>\t\t\t\t\t\t\t\t<\/div>\n\t\t\t\t<\/div>\n\t\t\t\t\t<\/div>\n\t\t\t\t<\/div>\n\t\t<div data-particle_enable=\"false\" data-particle-mobile-disabled=\"false\" class=\"elementor-element elementor-element-68c1f7d e-flex e-con-boxed e-con e-parent\" data-id=\"68c1f7d\" data-element_type=\"container\" data-settings=\"{&quot;jet_parallax_layout_list&quot;:[]}\">\n\t\t\t\t\t<div class=\"e-con-inner\">\n\t\t<div data-particle_enable=\"false\" data-particle-mobile-disabled=\"false\" class=\"elementor-element elementor-element-7bab7fa e-con-full e-flex e-con e-child\" data-id=\"7bab7fa\" data-element_type=\"container\" data-settings=\"{&quot;jet_parallax_layout_list&quot;:[]}\">\n\t\t\t\t<div class=\"elementor-element elementor-element-b8ddcab elementor-widget elementor-widget-heading\" data-id=\"b8ddcab\" data-element_type=\"widget\" data-widget_type=\"heading.default\">\n\t\t\t\t<div class=\"elementor-widget-container\">\n\t\t\t\t\t<h2 class=\"elementor-heading-title elementor-size-default\">Consultez la page : Les diff\u00e9rentes cultures face \u00e0 la mort<\/h2>\t\t\t\t<\/div>\n\t\t\t\t<\/div>\n\t\t\t\t<\/div>\n\t\t<div data-particle_enable=\"false\" data-particle-mobile-disabled=\"false\" class=\"elementor-element elementor-element-e7d8206 e-con-full e-flex e-con e-child\" data-id=\"e7d8206\" data-element_type=\"container\" data-settings=\"{&quot;jet_parallax_layout_list&quot;:[]}\">\n\t\t\t\t<div class=\"elementor-element elementor-element-869e59e elementor-align-center elementor-widget elementor-widget-button\" data-id=\"869e59e\" data-element_type=\"widget\" data-widget_type=\"button.default\">\n\t\t\t\t<div class=\"elementor-widget-container\">\n\t\t\t\t\t\t\t\t\t<div class=\"elementor-button-wrapper\">\n\t\t\t\t\t<a class=\"elementor-button elementor-button-link elementor-size-sm\" href=\"https:\/\/www.lessurvivants.org\/soignant\/les-differentes-cultures\/\" target=\"_blank\">\n\t\t\t\t\t\t<span class=\"elementor-button-content-wrapper\">\n\t\t\t\t\t\t\t\t\t<span class=\"elementor-button-text\">Cliquez ici<\/span>\n\t\t\t\t\t<\/span>\n\t\t\t\t\t<\/a>\n\t\t\t\t<\/div>\n\t\t\t\t\t\t\t\t<\/div>\n\t\t\t\t<\/div>\n\t\t\t\t<\/div>\n\t\t\t\t\t<\/div>\n\t\t\t\t<\/div>\n\t\t\t\t<\/div>\n\t\t","protected":false},"excerpt":{"rendered":"<p>MORT ET ANTHROPOLOGIE : comprendre la mort sous l&#8217;angle des cultures humaines Dans toutes les soci\u00e9t\u00e9s humaines, la mort n\u2019est pas qu\u2019un \u00e9v\u00e9nement biologique\u202f: c\u2019est un fait social et culturel. L\u2019anthropologie, en tant que science de l\u2019humain et des cultures, permet de mieux comprendre les pratiques, les repr\u00e9sentations et les \u00e9motions li\u00e9es \u00e0 la fin [&hellip;]<\/p>\n","protected":false},"author":1,"featured_media":0,"parent":0,"menu_order":0,"comment_status":"closed","ping_status":"closed","template":"","meta":{"footnotes":""},"categories":[7],"tags":[],"class_list":["post-986","page","type-page","status-publish","hentry","category-espace-soignant"],"yoast_head":"<!-- This site is optimized with the Yoast SEO Premium plugin v25.5 (Yoast SEO v25.5) - https:\/\/yoast.com\/wordpress\/plugins\/seo\/ -->\n<title>Mort et Anthropologie - Espace soignant<\/title>\n<meta name=\"robots\" content=\"index, follow, max-snippet:-1, max-image-preview:large, max-video-preview:-1\" \/>\n<link rel=\"canonical\" href=\"https:\/\/www.lessurvivants.org\/soignant\/mort-et-anthropologie\/\" \/>\n<meta property=\"og:locale\" content=\"fr_FR\" \/>\n<meta property=\"og:type\" content=\"article\" \/>\n<meta property=\"og:title\" content=\"Mort et Anthropologie\" \/>\n<meta property=\"og:description\" content=\"MORT ET ANTHROPOLOGIE : comprendre la mort sous l&#8217;angle des cultures humaines Dans toutes les soci\u00e9t\u00e9s humaines, la mort n\u2019est pas qu\u2019un \u00e9v\u00e9nement biologique\u202f: c\u2019est un fait social et culturel. L\u2019anthropologie, en tant que science de l\u2019humain et des cultures, permet de mieux comprendre les pratiques, les repr\u00e9sentations et les \u00e9motions li\u00e9es \u00e0 la fin [&hellip;]\" \/>\n<meta property=\"og:url\" content=\"https:\/\/www.lessurvivants.org\/soignant\/mort-et-anthropologie\/\" \/>\n<meta property=\"og:site_name\" content=\"Espace soignant\" \/>\n<meta property=\"article:modified_time\" content=\"2025-07-17T08:47:21+00:00\" \/>\n<meta property=\"og:image\" content=\"https:\/\/www.lessurvivants.org\/wp-content\/uploads\/2025\/04\/20250416_095225-compressed-scaled.avif\" \/>\n\t<meta property=\"og:image:width\" content=\"1920\" \/>\n\t<meta property=\"og:image:height\" content=\"2560\" \/>\n\t<meta property=\"og:image:type\" content=\"image\/jpeg\" \/>\n<meta name=\"twitter:card\" content=\"summary_large_image\" \/>\n<meta name=\"twitter:label1\" content=\"Dur\u00e9e de lecture estim\u00e9e\" \/>\n\t<meta name=\"twitter:data1\" content=\"3 minutes\" \/>\n<script type=\"application\/ld+json\" class=\"yoast-schema-graph\">{\"@context\":\"https:\/\/schema.org\",\"@graph\":[{\"@type\":\"WebPage\",\"@id\":\"https:\/\/www.lessurvivants.org\/soignant\/mort-et-anthropologie\/\",\"url\":\"https:\/\/www.lessurvivants.org\/soignant\/mort-et-anthropologie\/\",\"name\":\"Mort et Anthropologie - Espace soignant\",\"isPartOf\":{\"@id\":\"https:\/\/www.lessurvivants.org\/soignant\/#website\"},\"primaryImageOfPage\":{\"@id\":\"https:\/\/www.lessurvivants.org\/soignant\/mort-et-anthropologie\/#primaryimage\"},\"image\":{\"@id\":\"https:\/\/www.lessurvivants.org\/soignant\/mort-et-anthropologie\/#primaryimage\"},\"thumbnailUrl\":\"https:\/\/www.lessurvivants.org\/wp-content\/uploads\/2025\/04\/20250416_095225-compressed-768x1024.avif\",\"datePublished\":\"2025-03-10T14:11:39+00:00\",\"dateModified\":\"2025-07-17T08:47:21+00:00\",\"breadcrumb\":{\"@id\":\"https:\/\/www.lessurvivants.org\/soignant\/mort-et-anthropologie\/#breadcrumb\"},\"inLanguage\":\"fr-FR\",\"potentialAction\":[{\"@type\":\"ReadAction\",\"target\":[\"https:\/\/www.lessurvivants.org\/soignant\/mort-et-anthropologie\/\"]}]},{\"@type\":\"ImageObject\",\"inLanguage\":\"fr-FR\",\"@id\":\"https:\/\/www.lessurvivants.org\/soignant\/mort-et-anthropologie\/#primaryimage\",\"url\":\"https:\/\/www.lessurvivants.org\/wp-content\/uploads\/2025\/04\/20250416_095225-compressed-768x1024.avif\",\"contentUrl\":\"https:\/\/www.lessurvivants.org\/wp-content\/uploads\/2025\/04\/20250416_095225-compressed-768x1024.avif\"},{\"@type\":\"BreadcrumbList\",\"@id\":\"https:\/\/www.lessurvivants.org\/soignant\/mort-et-anthropologie\/#breadcrumb\",\"itemListElement\":[{\"@type\":\"ListItem\",\"position\":1,\"name\":\"Accueil\",\"item\":\"https:\/\/www.lessurvivants.org\/soignant\/\"},{\"@type\":\"ListItem\",\"position\":2,\"name\":\"Mort et Anthropologie\"}]},{\"@type\":\"WebSite\",\"@id\":\"https:\/\/www.lessurvivants.org\/soignant\/#website\",\"url\":\"https:\/\/www.lessurvivants.org\/soignant\/\",\"name\":\"Espace soignant\",\"description\":\"\",\"publisher\":{\"@id\":\"https:\/\/www.lessurvivants.org\/soignant\/#organization\"},\"potentialAction\":[{\"@type\":\"SearchAction\",\"target\":{\"@type\":\"EntryPoint\",\"urlTemplate\":\"https:\/\/www.lessurvivants.org\/soignant\/?s={search_term_string}\"},\"query-input\":{\"@type\":\"PropertyValueSpecification\",\"valueRequired\":true,\"valueName\":\"search_term_string\"}}],\"inLanguage\":\"fr-FR\"},{\"@type\":\"Organization\",\"@id\":\"https:\/\/www.lessurvivants.org\/soignant\/#organization\",\"name\":\"Espace soignant\",\"url\":\"https:\/\/www.lessurvivants.org\/soignant\/\",\"logo\":{\"@type\":\"ImageObject\",\"inLanguage\":\"fr-FR\",\"@id\":\"https:\/\/www.lessurvivants.org\/soignant\/#\/schema\/logo\/image\/\",\"url\":\"https:\/\/www.lessurvivants.org\/wp-content\/uploads\/2025\/03\/logo-final-les-survivants_Plan-de-travail-1.png\",\"contentUrl\":\"https:\/\/www.lessurvivants.org\/wp-content\/uploads\/2025\/03\/logo-final-les-survivants_Plan-de-travail-1.png\",\"caption\":\"Espace soignant\"},\"image\":{\"@id\":\"https:\/\/www.lessurvivants.org\/soignant\/#\/schema\/logo\/image\/\"}}]}<\/script>\n<!-- \/ Yoast SEO Premium plugin. -->","yoast_head_json":{"title":"Mort et Anthropologie - Espace soignant","robots":{"index":"index","follow":"follow","max-snippet":"max-snippet:-1","max-image-preview":"max-image-preview:large","max-video-preview":"max-video-preview:-1"},"canonical":"https:\/\/www.lessurvivants.org\/soignant\/mort-et-anthropologie\/","og_locale":"fr_FR","og_type":"article","og_title":"Mort et Anthropologie","og_description":"MORT ET ANTHROPOLOGIE : comprendre la mort sous l&#8217;angle des cultures humaines Dans toutes les soci\u00e9t\u00e9s humaines, la mort n\u2019est pas qu\u2019un \u00e9v\u00e9nement biologique\u202f: c\u2019est un fait social et culturel. L\u2019anthropologie, en tant que science de l\u2019humain et des cultures, permet de mieux comprendre les pratiques, les repr\u00e9sentations et les \u00e9motions li\u00e9es \u00e0 la fin [&hellip;]","og_url":"https:\/\/www.lessurvivants.org\/soignant\/mort-et-anthropologie\/","og_site_name":"Espace soignant","article_modified_time":"2025-07-17T08:47:21+00:00","og_image":[{"url":"https:\/\/www.lessurvivants.org\/wp-content\/uploads\/2025\/04\/20250416_095225-compressed-scaled.avif","width":1920,"height":2560,"type":"image\/jpeg"}],"twitter_card":"summary_large_image","twitter_misc":{"Dur\u00e9e de lecture estim\u00e9e":"3 minutes"},"schema":{"@context":"https:\/\/schema.org","@graph":[{"@type":"WebPage","@id":"https:\/\/www.lessurvivants.org\/soignant\/mort-et-anthropologie\/","url":"https:\/\/www.lessurvivants.org\/soignant\/mort-et-anthropologie\/","name":"Mort et Anthropologie - Espace soignant","isPartOf":{"@id":"https:\/\/www.lessurvivants.org\/soignant\/#website"},"primaryImageOfPage":{"@id":"https:\/\/www.lessurvivants.org\/soignant\/mort-et-anthropologie\/#primaryimage"},"image":{"@id":"https:\/\/www.lessurvivants.org\/soignant\/mort-et-anthropologie\/#primaryimage"},"thumbnailUrl":"https:\/\/www.lessurvivants.org\/wp-content\/uploads\/2025\/04\/20250416_095225-compressed-768x1024.avif","datePublished":"2025-03-10T14:11:39+00:00","dateModified":"2025-07-17T08:47:21+00:00","breadcrumb":{"@id":"https:\/\/www.lessurvivants.org\/soignant\/mort-et-anthropologie\/#breadcrumb"},"inLanguage":"fr-FR","potentialAction":[{"@type":"ReadAction","target":["https:\/\/www.lessurvivants.org\/soignant\/mort-et-anthropologie\/"]}]},{"@type":"ImageObject","inLanguage":"fr-FR","@id":"https:\/\/www.lessurvivants.org\/soignant\/mort-et-anthropologie\/#primaryimage","url":"https:\/\/www.lessurvivants.org\/wp-content\/uploads\/2025\/04\/20250416_095225-compressed-768x1024.avif","contentUrl":"https:\/\/www.lessurvivants.org\/wp-content\/uploads\/2025\/04\/20250416_095225-compressed-768x1024.avif"},{"@type":"BreadcrumbList","@id":"https:\/\/www.lessurvivants.org\/soignant\/mort-et-anthropologie\/#breadcrumb","itemListElement":[{"@type":"ListItem","position":1,"name":"Accueil","item":"https:\/\/www.lessurvivants.org\/soignant\/"},{"@type":"ListItem","position":2,"name":"Mort et Anthropologie"}]},{"@type":"WebSite","@id":"https:\/\/www.lessurvivants.org\/soignant\/#website","url":"https:\/\/www.lessurvivants.org\/soignant\/","name":"Espace soignant","description":"","publisher":{"@id":"https:\/\/www.lessurvivants.org\/soignant\/#organization"},"potentialAction":[{"@type":"SearchAction","target":{"@type":"EntryPoint","urlTemplate":"https:\/\/www.lessurvivants.org\/soignant\/?s={search_term_string}"},"query-input":{"@type":"PropertyValueSpecification","valueRequired":true,"valueName":"search_term_string"}}],"inLanguage":"fr-FR"},{"@type":"Organization","@id":"https:\/\/www.lessurvivants.org\/soignant\/#organization","name":"Espace soignant","url":"https:\/\/www.lessurvivants.org\/soignant\/","logo":{"@type":"ImageObject","inLanguage":"fr-FR","@id":"https:\/\/www.lessurvivants.org\/soignant\/#\/schema\/logo\/image\/","url":"https:\/\/www.lessurvivants.org\/wp-content\/uploads\/2025\/03\/logo-final-les-survivants_Plan-de-travail-1.png","contentUrl":"https:\/\/www.lessurvivants.org\/wp-content\/uploads\/2025\/03\/logo-final-les-survivants_Plan-de-travail-1.png","caption":"Espace soignant"},"image":{"@id":"https:\/\/www.lessurvivants.org\/soignant\/#\/schema\/logo\/image\/"}}]}},"_links":{"self":[{"href":"https:\/\/www.lessurvivants.org\/soignant\/wp-json\/wp\/v2\/pages\/986","targetHints":{"allow":["GET"]}}],"collection":[{"href":"https:\/\/www.lessurvivants.org\/soignant\/wp-json\/wp\/v2\/pages"}],"about":[{"href":"https:\/\/www.lessurvivants.org\/soignant\/wp-json\/wp\/v2\/types\/page"}],"author":[{"embeddable":true,"href":"https:\/\/www.lessurvivants.org\/soignant\/wp-json\/wp\/v2\/users\/1"}],"replies":[{"embeddable":true,"href":"https:\/\/www.lessurvivants.org\/soignant\/wp-json\/wp\/v2\/comments?post=986"}],"version-history":[{"count":6,"href":"https:\/\/www.lessurvivants.org\/soignant\/wp-json\/wp\/v2\/pages\/986\/revisions"}],"predecessor-version":[{"id":2003,"href":"https:\/\/www.lessurvivants.org\/soignant\/wp-json\/wp\/v2\/pages\/986\/revisions\/2003"}],"wp:attachment":[{"href":"https:\/\/www.lessurvivants.org\/soignant\/wp-json\/wp\/v2\/media?parent=986"}],"wp:term":[{"taxonomy":"category","embeddable":true,"href":"https:\/\/www.lessurvivants.org\/soignant\/wp-json\/wp\/v2\/categories?post=986"},{"taxonomy":"post_tag","embeddable":true,"href":"https:\/\/www.lessurvivants.org\/soignant\/wp-json\/wp\/v2\/tags?post=986"}],"curies":[{"name":"wp","href":"https:\/\/api.w.org\/{rel}","templated":true}]}}